{"id":937,"date":"2020-04-18T00:59:36","date_gmt":"2020-04-17T22:59:36","guid":{"rendered":"https:\/\/www.apartestudio.com\/about\/"},"modified":"2023-09-09T18:38:36","modified_gmt":"2023-09-09T16:38:36","slug":"about","status":"publish","type":"page","link":"https:\/\/www.apartestudio.com\/fr\/about\/","title":{"rendered":"Notre culture"},"content":{"rendered":"<p>Apart\u00e9 est un studio de branding cr\u00e9\u00e9 par <a href=\"https:\/\/www.cyrildosnon.com\" target=\"_blank\" rel=\"noopener noreferrer\">Cyril Dosnon<\/a>.<\/p>\n<p>Nous accompagnons les marques et institutions dans la cr\u00e9ation de leur identit\u00e9 visuelle, de la r\u00e9flexion strat\u00e9gique au design final. Nous avons \u00e0 c\u0153ur d\u2019\u00e9couter et de comprendre les enjeux des marques avec lesquelles nous travaillons, afin que leur identit\u00e9 visuelle refl\u00e8te leurs valeurs et leur histoire.<\/p>\n<p>Apart\u00e9 affectionne les identit\u00e9s qui n\u2019ont pas besoin d\u2019\u00eatre expliqu\u00e9es et cultive un design utile et accessible.<\/p>\n<p>Si vous avez un projet, <a href=\"mailto:hello@apartestudio.com\">\u00e9crivez-nous<\/a>. Nous serons ravis d\u2019aider.<\/p>\n","protected":false},"excerpt":{"rendered":"<p>Apart\u00e9 est un studio de branding cr\u00e9\u00e9 par Cyril Dosnon. Nous accompagnons les marques et institutions dans la cr\u00e9ation de leur identit\u00e9 visuelle, de la r\u00e9flexion strat\u00e9gique au design final. Nous avons \u00e0 c\u0153ur d\u2019\u00e9couter et de comprendre les enjeux des marques avec lesquelles nous travaillons, afin que leur identit\u00e9 visuelle refl\u00e8te leurs valeurs et [&hellip;]<\/p>\n","protected":false},"author":1,"featured_media":0,"parent":0,"menu_order":0,"comment_status":"closed","ping_status":"closed","template":"","meta":{"footnotes":""},"acf":[],"yoast_head":"<!-- This site is optimized with the Yoast SEO plugin v20.5 - https:\/\/yoast.com\/wordpress\/plugins\/seo\/ -->\n<title>Notre culture<\/title>\n<meta name=\"description\" content=\"Apart\u00e9 est un studio de design graphique cr\u00e9\u00e9 par Cyril Dosnon.\" \/>\n<meta name=\"robots\" content=\"index, follow, max-snippet:-1, max-image-preview:large, max-video-preview:-1\" \/>\n<link rel=\"canonical\" href=\"https:\/\/www.apartestudio.com\/fr\/about\/\" \/>\n<meta property=\"og:locale\" content=\"fr_FR\" \/>\n<meta property=\"og:type\" content=\"article\" \/>\n<meta property=\"og:title\" content=\"Notre culture\" \/>\n<meta property=\"og:description\" content=\"Apart\u00e9 est un studio de design graphique cr\u00e9\u00e9 par Cyril Dosnon.\" \/>\n<meta property=\"og:url\" content=\"https:\/\/www.apartestudio.com\/fr\/about\/\" \/>\n<meta property=\"article:modified_time\" content=\"2023-09-09T16:38:36+00:00\" \/>\n<meta property=\"og:image\" content=\"https:\/\/www.apartestudio.com\/wp-content\/uploads\/2022\/02\/Facebook-Thumbail-1-3.jpg\" \/>\n\t<meta property=\"og:image:width\" content=\"1200\" \/>\n\t<meta property=\"og:image:height\" content=\"630\" \/>\n\t<meta property=\"og:image:type\" content=\"image\/jpeg\" \/>\n<meta name=\"twitter:card\" content=\"summary_large_image\" \/>\n<script type=\"application\/ld+json\" class=\"yoast-schema-graph\">{\"@context\":\"https:\/\/schema.org\",\"@graph\":[{\"@type\":\"WebPage\",\"@id\":\"https:\/\/www.apartestudio.com\/fr\/about\/\",\"url\":\"https:\/\/www.apartestudio.com\/fr\/about\/\",\"name\":\"Notre culture\",\"isPartOf\":{\"@id\":\"https:\/\/www.apartestudio.com\/#website\"},\"datePublished\":\"2020-04-17T22:59:36+00:00\",\"dateModified\":\"2023-09-09T16:38:36+00:00\",\"description\":\"Apart\u00e9 est un studio de design graphique cr\u00e9\u00e9 par Cyril Dosnon.\",\"breadcrumb\":{\"@id\":\"https:\/\/www.apartestudio.com\/fr\/about\/#breadcrumb\"},\"inLanguage\":\"fr-FR\",\"potentialAction\":[{\"@type\":\"ReadAction\",\"target\":[\"https:\/\/www.apartestudio.com\/fr\/about\/\"]}]},{\"@type\":\"BreadcrumbList\",\"@id\":\"https:\/\/www.apartestudio.com\/fr\/about\/#breadcrumb\",\"itemListElement\":[{\"@type\":\"ListItem\",\"position\":1,\"name\":\"Home\",\"item\":\"https:\/\/www.apartestudio.com\/fr\/\"},{\"@type\":\"ListItem\",\"position\":2,\"name\":\"Notre culture\"}]},{\"@type\":\"WebSite\",\"@id\":\"https:\/\/www.apartestudio.com\/#website\",\"url\":\"https:\/\/www.apartestudio.com\/\",\"name\":\"\",\"description\":\"\",\"publisher\":{\"@id\":\"https:\/\/www.apartestudio.com\/#organization\"},\"potentialAction\":[{\"@type\":\"SearchAction\",\"target\":{\"@type\":\"EntryPoint\",\"urlTemplate\":\"https:\/\/www.apartestudio.com\/?s={search_term_string}\"},\"query-input\":\"required name=search_term_string\"}],\"inLanguage\":\"fr-FR\"},{\"@type\":\"Organization\",\"@id\":\"https:\/\/www.apartestudio.com\/#organization\",\"name\":\"Apart\u00e9 Studio\",\"url\":\"https:\/\/www.apartestudio.com\/\",\"logo\":{\"@type\":\"ImageObject\",\"inLanguage\":\"fr-FR\",\"@id\":\"https:\/\/www.apartestudio.com\/#\/schema\/logo\/image\/\",\"url\":\"https:\/\/www.apartestudio.com\/wp-content\/uploads\/2022\/02\/Facebook-Thumbail-1-3.jpg\",\"contentUrl\":\"https:\/\/www.apartestudio.com\/wp-content\/uploads\/2022\/02\/Facebook-Thumbail-1-3.jpg\",\"width\":1200,\"height\":630,\"caption\":\"Apart\u00e9 Studio\"},\"image\":{\"@id\":\"https:\/\/www.apartestudio.com\/#\/schema\/logo\/image\/\"}}]}<\/script>\n<!-- \/ Yoast SEO plugin. -->","yoast_head_json":{"title":"Notre culture","description":"Apart\u00e9 est un studio de design graphique cr\u00e9\u00e9 par Cyril Dosnon.","robots":{"index":"index","follow":"follow","max-snippet":"max-snippet:-1","max-image-preview":"max-image-preview:large","max-video-preview":"max-video-preview:-1"},"canonical":"https:\/\/www.apartestudio.com\/fr\/about\/","og_locale":"fr_FR","og_type":"article","og_title":"Notre culture","og_description":"Apart\u00e9 est un studio de design graphique cr\u00e9\u00e9 par Cyril Dosnon.","og_url":"https:\/\/www.apartestudio.com\/fr\/about\/","article_modified_time":"2023-09-09T16:38:36+00:00","og_image":[{"width":1200,"height":630,"url":"https:\/\/www.apartestudio.com\/wp-content\/uploads\/2022\/02\/Facebook-Thumbail-1-3.jpg","type":"image\/jpeg"}],"twitter_card":"summary_large_image","schema":{"@context":"https:\/\/schema.org","@graph":[{"@type":"WebPage","@id":"https:\/\/www.apartestudio.com\/fr\/about\/","url":"https:\/\/www.apartestudio.com\/fr\/about\/","name":"Notre culture","isPartOf":{"@id":"https:\/\/www.apartestudio.com\/#website"},"datePublished":"2020-04-17T22:59:36+00:00","dateModified":"2023-09-09T16:38:36+00:00","description":"Apart\u00e9 est un studio de design graphique cr\u00e9\u00e9 par Cyril Dosnon.","breadcrumb":{"@id":"https:\/\/www.apartestudio.com\/fr\/about\/#breadcrumb"},"inLanguage":"fr-FR","potentialAction":[{"@type":"ReadAction","target":["https:\/\/www.apartestudio.com\/fr\/about\/"]}]},{"@type":"BreadcrumbList","@id":"https:\/\/www.apartestudio.com\/fr\/about\/#breadcrumb","itemListElement":[{"@type":"ListItem","position":1,"name":"Home","item":"https:\/\/www.apartestudio.com\/fr\/"},{"@type":"ListItem","position":2,"name":"Notre culture"}]},{"@type":"WebSite","@id":"https:\/\/www.apartestudio.com\/#website","url":"https:\/\/www.apartestudio.com\/","name":"","description":"","publisher":{"@id":"https:\/\/www.apartestudio.com\/#organization"},"potentialAction":[{"@type":"SearchAction","target":{"@type":"EntryPoint","urlTemplate":"https:\/\/www.apartestudio.com\/?s={search_term_string}"},"query-input":"required name=search_term_string"}],"inLanguage":"fr-FR"},{"@type":"Organization","@id":"https:\/\/www.apartestudio.com\/#organization","name":"Apart\u00e9 Studio","url":"https:\/\/www.apartestudio.com\/","logo":{"@type":"ImageObject","inLanguage":"fr-FR","@id":"https:\/\/www.apartestudio.com\/#\/schema\/logo\/image\/","url":"https:\/\/www.apartestudio.com\/wp-content\/uploads\/2022\/02\/Facebook-Thumbail-1-3.jpg","contentUrl":"https:\/\/www.apartestudio.com\/wp-content\/uploads\/2022\/02\/Facebook-Thumbail-1-3.jpg","width":1200,"height":630,"caption":"Apart\u00e9 Studio"},"image":{"@id":"https:\/\/www.apartestudio.com\/#\/schema\/logo\/image\/"}}]}},"_links":{"self":[{"href":"https:\/\/www.apartestudio.com\/fr\/wp-json\/wp\/v2\/pages\/937"}],"collection":[{"href":"https:\/\/www.apartestudio.com\/fr\/wp-json\/wp\/v2\/pages"}],"about":[{"href":"https:\/\/www.apartestudio.com\/fr\/wp-json\/wp\/v2\/types\/page"}],"author":[{"embeddable":true,"href":"https:\/\/www.apartestudio.com\/fr\/wp-json\/wp\/v2\/users\/1"}],"replies":[{"embeddable":true,"href":"https:\/\/www.apartestudio.com\/fr\/wp-json\/wp\/v2\/comments?post=937"}],"version-history":[{"count":4,"href":"https:\/\/www.apartestudio.com\/fr\/wp-json\/wp\/v2\/pages\/937\/revisions"}],"predecessor-version":[{"id":2333,"href":"https:\/\/www.apartestudio.com\/fr\/wp-json\/wp\/v2\/pages\/937\/revisions\/2333"}],"wp:attachment":[{"href":"https:\/\/www.apartestudio.com\/fr\/wp-json\/wp\/v2\/media?parent=937"}],"curies":[{"name":"wp","href":"https:\/\/api.w.org\/{rel}","templated":true}]}}